{"id":404,"date":"2024-04-08T04:30:40","date_gmt":"2024-04-08T02:30:40","guid":{"rendered":"https:\/\/newera.crownsdevelopment.nl\/?page_id=404"},"modified":"2026-03-03T11:44:42","modified_gmt":"2026-03-03T09:44:42","slug":"zero-point-sessie","status":"publish","type":"page","link":"https:\/\/neweracoaching.nl\/ru\/zero-point-sessie","title":{"rendered":"Zero Point sessie"},"content":{"rendered":"\t\t<div data-elementor-type=\"wp-page\" data-elementor-id=\"404\" class=\"elementor elementor-404\" data-elementor-post-type=\"page\">\n\t\t\t\t<div class=\"elementor-element elementor-element-662c3d3f e-flex e-con-boxed e-con e-parent\" data-id=\"662c3d3f\" data-element_type=\"container\" data-e-type=\"container\" data-settings=\"{&quot;background_background&quot;:&quot;classic&quot;}\">\n\t\t\t\t\t<div class=\"e-con-inner\">\n\t\t<div class=\"elementor-element elementor-element-397eb60e e-con-full e-flex e-con e-child\" data-id=\"397eb60e\" data-element_type=\"container\" data-e-type=\"container\">\n\t\t\t\t<div class=\"elementor-element elementor-element-5a4b3e18 elementor-widget elementor-widget-heading\" data-id=\"5a4b3e18\" data-element_type=\"widget\" data-e-type=\"widget\" data-widget_type=\"heading.default\">\n\t\t\t\t<div class=\"elementor-widget-container\">\n\t\t\t\t\t<h1 class=\"elementor-heading-title elementor-size-default\">Gratis  \"Zero Point\" sessie<\/h1>\t\t\t\t<\/div>\n\t\t\t\t<\/div>\n\t\t\t\t<\/div>\n\t\t<div class=\"elementor-element elementor-element-2973cce e-con-full elementor-hidden-tablet elementor-hidden-mobile e-flex e-con e-child\" data-id=\"2973cce\" data-element_type=\"container\" data-e-type=\"container\">\n\t\t\t\t<\/div>\n\t\t\t\t\t<\/div>\n\t\t\t\t<\/div>\n\t\t<div class=\"elementor-element elementor-element-02006d4 e-flex e-con-boxed e-con e-parent\" data-id=\"02006d4\" data-element_type=\"container\" data-e-type=\"container\">\n\t\t\t\t\t<div class=\"e-con-inner\">\n\t\t<div class=\"elementor-element elementor-element-c35ace4 e-con-full e-flex e-con e-child\" data-id=\"c35ace4\" data-element_type=\"container\" data-e-type=\"container\">\n\t\t\t\t<div class=\"elementor-element elementor-element-9be204b elementor-widget elementor-widget-heading\" data-id=\"9be204b\" data-element_type=\"widget\" data-e-type=\"widget\" data-widget_type=\"heading.default\">\n\t\t\t\t<div class=\"elementor-widget-container\">\n\t\t\t\t\t<h2 class=\"elementor-heading-title elementor-size-default\">Hoe groot is jouw bereik werkelijk?<\/h2>\t\t\t\t<\/div>\n\t\t\t\t<\/div>\n\t\t\t\t<div class=\"elementor-element elementor-element-e45da77 elementor-widget elementor-widget-text-editor\" data-id=\"e45da77\" data-element_type=\"widget\" data-e-type=\"widget\" data-widget_type=\"text-editor.default\">\n\t\t\t\t<div class=\"elementor-widget-container\">\n\t\t\t\t\t\t\t\t\t<p>\u00a0 \u00a0 Zero Point sessie is geen ori\u00ebntatiegesprek &#8211; het is een confrontatie met je innerlijke bereik. Niet met wat je denkt dat je bent, maar met de ruimte die je werkelijk gebruikt.<\/p><p>\u00a0 \u00a0 Stel je een huis voor: niet het huis waarin je woont, maar het huis dat jij b\u00e9nt. In dat huis brandt altijd ergens licht, maar vaak slechts in \u00e9\u00e9n kamer. Vanuit die ene kamer werk je, neem je beslissingen, voer je gesprekken, bouw je relaties, verdien je geld. Je functioneert, en soms kan je zelfs succesvol zijn, maar binnen een beperkte, verlichte ruimte. En je noemt dat \u201cmijn leven\u201d, terwijl het huis groter is. Wellicht \u00a0is er een ruimte waar je rustiger zou zijn, een ruimte waar je krachtiger zou spreken, een ruimte waar je niet hoeft te bewijzen, maar kunt leiden, alleen daar brandt het licht nog niet.<\/p><p>\u00a0 \u00a0 Zero Point is het moment waarop je ziet vanuit welke energie jij op dit moment opereert. In deze sessie maken we een eerste aanraking met jouw innerlijke bereik. Niet met hoe het zou moeten zijn, maar met wat er al aanwezig is:<\/p><ul><li>Hoe groot is jouw bereik werkelijk?<\/li><li>Waar stroomt je energie vanzelf?<\/li><li>Waar lekt ze?<\/li><li>Vanuit welke kamer leef jij &#8211; terwijl het huis groter is?<\/li><\/ul><p>Wanneer je dat ziet, wordt \u00e9\u00e9n ding helder:<\/p><p><strong>Je huidige realiteit is niet je plafond. Het is je huidige verlichting.<\/strong><\/p><p>\u00a0 \u00a0 Zero Point is het moment waarop je stopt met jezelf \u201cherstellen\u201d en begint te zien hoe jouw binnenwereld zich op dit moment werkelijk vormt. Het is een moment waarop je niet m\u00e9\u00e9r gaat zoeken, maar terugkomt bij je eigen architectuur\u00a0 &#8211; helder, onvervormd, puur.<\/p><p>Voor wie is dit?<\/p><ul><li>Voor mensen die voelen dat ze niet klein zijn, maar wel kleiner leven dan ze kunnen.<\/li><li>Voor wie klaar is om niet harder te werken, maar groter te bewegen.<\/li><li>Voor wie bereid is te zien dat beperking soms zelfgekozen verlichting is.<\/li><\/ul><p>\u00a0 \u00a0 Deze sessie duurt 30 minuten en is kosteloos. Je ontvangt vooraf een korte vragenlijst zodat we direct naar essentie gaan. Aan het einde weet je: Hoe groot jouw bereik op dit moment is en welke ruimte je als volgende wilt openen. Ben jij werkelijk zo beperkt als je huidige leven laat zien of gebruik je slechts \u00e9\u00e9n kamer van je eigen huis? Laat hieronder je gegevens achter. Je hoort of je geselecteerd bent voor een Zero Point sessie.<\/p>\t\t\t\t\t\t\t\t<\/div>\n\t\t\t\t<\/div>\n\t\t\t\t<\/div>\n\t\t<div class=\"elementor-element elementor-element-3855a48 e-con-full e-flex e-con e-child\" data-id=\"3855a48\" data-element_type=\"container\" data-e-type=\"container\">\n\t\t\t\t<div class=\"elementor-element elementor-element-3d66463 elementor-widget elementor-widget-image\" data-id=\"3d66463\" data-element_type=\"widget\" data-e-type=\"widget\" data-widget_type=\"image.default\">\n\t\t\t\t<div class=\"elementor-widget-container\">\n\t\t\t\t\t\t\t\t\t\t\t\t\t\t\t<img fetchpriority=\"high\" decoding=\"async\" width=\"628\" height=\"1024\" src=\"https:\/\/neweracoaching.nl\/wp-content\/uploads\/2025\/11\/IMG_20250712_183332_101-628x1024.jpg\" class=\"attachment-large size-large wp-image-2572\" alt=\"mind body soul\" srcset=\"https:\/\/neweracoaching.nl\/wp-content\/uploads\/2025\/11\/IMG_20250712_183332_101-628x1024.jpg 628w, https:\/\/neweracoaching.nl\/wp-content\/uploads\/2025\/11\/IMG_20250712_183332_101-184x300.jpg 184w, https:\/\/neweracoaching.nl\/wp-content\/uploads\/2025\/11\/IMG_20250712_183332_101-768x1252.jpg 768w, https:\/\/neweracoaching.nl\/wp-content\/uploads\/2025\/11\/IMG_20250712_183332_101-7x12.jpg 7w, https:\/\/neweracoaching.nl\/wp-content\/uploads\/2025\/11\/IMG_20250712_183332_101.jpg 785w\" sizes=\"(max-width: 628px) 100vw, 628px\" \/>\t\t\t\t\t\t\t\t\t\t\t\t\t\t\t<\/div>\n\t\t\t\t<\/div>\n\t\t\t\t<\/div>\n\t\t\t\t\t<\/div>\n\t\t\t\t<\/div>\n\t\t<div class=\"elementor-element elementor-element-fe54c8e e-flex e-con-boxed e-con e-parent\" data-id=\"fe54c8e\" data-element_type=\"container\" data-e-type=\"container\">\n\t\t\t\t\t<div class=\"e-con-inner\">\n\t\t<div class=\"elementor-element elementor-element-42c36a3 e-con-full e-flex e-con e-child\" data-id=\"42c36a3\" data-element_type=\"container\" data-e-type=\"container\" data-settings=\"{&quot;background_background&quot;:&quot;classic&quot;}\">\n\t\t\t\t<div class=\"elementor-element elementor-element-0ab8299 elementor-widget elementor-widget-text-editor\" data-id=\"0ab8299\" data-element_type=\"widget\" data-e-type=\"widget\" data-widget_type=\"text-editor.default\">\n\t\t\t\t<div class=\"elementor-widget-container\">\n\t\t\t\t\t\t\t\t\t<p>Ja, ik kom graag in aanmerking voor gratis &#8220;Zero Point&#8221; sessie. Laat hieronder je gegevens achteren dan ontvang jij de vragenlijst. Je hoort snel of jij <span class=\"TextRun SCXW23224423 BCX0\" lang=\"NL-NL\" xml:lang=\"NL-NL\" data-contrast=\"auto\"><span class=\"NormalTextRun SCXW23224423 BCX0\">geselecteerd <\/span><\/span>bent.<\/p>\t\t\t\t\t\t\t\t<\/div>\n\t\t\t\t<\/div>\n\t\t\t\t<div class=\"elementor-element elementor-element-9abeeed elementor-button-align-stretch elementor-widget elementor-widget-form\" data-id=\"9abeeed\" data-element_type=\"widget\" data-e-type=\"widget\" data-settings=\"{&quot;step_next_label&quot;:&quot;Vorige&quot;,&quot;step_previous_label&quot;:&quot;Volgende&quot;,&quot;button_width&quot;:&quot;100&quot;,&quot;step_type&quot;:&quot;number_text&quot;,&quot;step_icon_shape&quot;:&quot;circle&quot;}\" data-widget_type=\"form.default\">\n\t\t\t\t<div class=\"elementor-widget-container\">\n\t\t\t\t\t\t\t<form class=\"elementor-form\" method=\"post\" name=\"Nieuw Formulier\" aria-label=\"Nieuw Formulier\">\n\t\t\t<input type=\"hidden\" name=\"post_id\" value=\"404\"\/>\n\t\t\t<input type=\"hidden\" name=\"form_id\" value=\"9abeeed\"\/>\n\t\t\t<input type=\"hidden\" name=\"referer_title\" value=\"Zero Point sessie - New Era\" \/>\n\n\t\t\t\t\t\t\t<input type=\"hidden\" name=\"queried_id\" value=\"404\"\/>\n\t\t\t\n\t\t\t<div class=\"elementor-form-fields-wrapper elementor-labels-above\">\n\t\t\t\t\t\t\t\t<div class=\"elementor-field-type-text elementor-field-group elementor-column elementor-field-group-name elementor-col-100 elementor-field-required\">\n\t\t\t\t\t\t\t\t\t\t\t\t<label for=\"form-field-name\" class=\"elementor-field-label\">\n\t\t\t\t\t\t\t\tNaam\t\t\t\t\t\t\t<\/label>\n\t\t\t\t\t\t\t\t\t\t\t\t\t\t<input size=\"1\" type=\"text\" name=\"form_fields[name]\" id=\"form-field-name\" class=\"elementor-field elementor-size-sm  elementor-field-textual\" required=\"required\">\n\t\t\t\t\t\t\t\t\t\t\t<\/div>\n\t\t\t\t\t\t\t\t<div class=\"elementor-field-type-email elementor-field-group elementor-column elementor-field-group-email elementor-col-100 elementor-field-required\">\n\t\t\t\t\t\t\t\t\t\t\t\t<label for=\"form-field-email\" class=\"elementor-field-label\">\n\t\t\t\t\t\t\t\tE-mailadres\t\t\t\t\t\t\t<\/label>\n\t\t\t\t\t\t\t\t\t\t\t\t\t\t<input size=\"1\" type=\"email\" name=\"form_fields[email]\" id=\"form-field-email\" class=\"elementor-field elementor-size-sm  elementor-field-textual\" required=\"required\">\n\t\t\t\t\t\t\t\t\t\t\t<\/div>\n\t\t\t\t\t\t\t\t<div class=\"elementor-field-type-textarea elementor-field-group elementor-column elementor-field-group-message elementor-col-100 elementor-field-required\">\n\t\t\t\t\t\t\t\t\t\t\t\t<label for=\"form-field-message\" class=\"elementor-field-label\">\n\t\t\t\t\t\t\t\tBeschrijf hier kort wat jouw grootste    uitdaging is\t\t\t\t\t\t\t<\/label>\n\t\t\t\t\t\t<textarea class=\"elementor-field-textual elementor-field  elementor-size-sm\" name=\"form_fields[message]\" id=\"form-field-message\" rows=\"4\" required=\"required\"><\/textarea>\t\t\t\t<\/div>\n\t\t\t\t\t\t\t\t<div class=\"elementor-field-group elementor-column elementor-field-type-submit elementor-col-100 e-form__buttons\">\n\t\t\t\t\t<button class=\"elementor-button elementor-size-sm\" type=\"submit\">\n\t\t\t\t\t\t<span class=\"elementor-button-content-wrapper\">\n\t\t\t\t\t\t\t\t\t\t\t\t\t\t\t\t\t\t\t\t\t\t<span class=\"elementor-button-text\">Aanmelding bevestigen<\/span>\n\t\t\t\t\t\t\t\t\t\t\t\t\t<\/span>\n\t\t\t\t\t<\/button>\n\t\t\t\t<\/div>\n\t\t\t<\/div>\n\t\t<\/form>\n\t\t\t\t\t\t<\/div>\n\t\t\t\t<\/div>\n\t\t\t\t<\/div>\n\t\t\t\t\t<\/div>\n\t\t\t\t<\/div>\n\t\t\t\t<\/div>\n\t\t","protected":false},"excerpt":{"rendered":"<p>Gratis &#8220;Zero Point&#8221; sessie Hoe groot is jouw bereik werkelijk? \u00a0 \u00a0 Zero Point sessie is geen ori\u00ebntatiegesprek &#8211; het is een confrontatie met je innerlijke bereik. Niet met wat je denkt dat je bent, maar met de ruimte die je werkelijk gebruikt. \u00a0 \u00a0 Stel je een huis voor: niet het huis waarin je [&hellip;]<\/p>\n","protected":false},"author":1,"featured_media":0,"parent":0,"menu_order":0,"comment_status":"closed","ping_status":"closed","template":"","meta":{"footnotes":""},"class_list":["post-404","page","type-page","status-publish","hentry"],"yoast_head":"<!-- This site is optimized with the Yoast SEO plugin v27.5 - https:\/\/yoast.com\/product\/yoast-seo-wordpress\/ -->\n<title>Zero Point sessie - New Era<\/title>\n<meta name=\"robots\" content=\"index, follow, max-snippet:-1, max-image-preview:large, max-video-preview:-1\" \/>\n<link rel=\"canonical\" href=\"https:\/\/neweracoaching.nl\/ru\/zero-point-sessie\/\" \/>\n<meta property=\"og:locale\" content=\"ru_RU\" \/>\n<meta property=\"og:type\" content=\"article\" \/>\n<meta property=\"og:title\" content=\"Zero Point sessie - New Era\" \/>\n<meta property=\"og:description\" content=\"Gratis &#8220;Zero Point&#8221; sessie Hoe groot is jouw bereik werkelijk? \u00a0 \u00a0 Zero Point sessie is geen ori\u00ebntatiegesprek &#8211; het is een confrontatie met je innerlijke bereik. Niet met wat je denkt dat je bent, maar met de ruimte die je werkelijk gebruikt. \u00a0 \u00a0 Stel je een huis voor: niet het huis waarin je [&hellip;]\" \/>\n<meta property=\"og:url\" content=\"https:\/\/neweracoaching.nl\/ru\/zero-point-sessie\/\" \/>\n<meta property=\"og:site_name\" content=\"New Era\" \/>\n<meta property=\"article:modified_time\" content=\"2026-03-03T09:44:42+00:00\" \/>\n<meta property=\"og:image\" content=\"https:\/\/neweracoaching.nl\/wp-content\/uploads\/2025\/11\/IMG_20250712_183332_101.jpg\" \/>\n\t<meta property=\"og:image:width\" content=\"785\" \/>\n\t<meta property=\"og:image:height\" content=\"1280\" \/>\n\t<meta property=\"og:image:type\" content=\"image\/jpeg\" \/>\n<meta name=\"twitter:card\" content=\"summary_large_image\" \/>\n<meta name=\"twitter:label1\" content=\"\u041f\u0440\u0438\u043c\u0435\u0440\u043d\u043e\u0435 \u0432\u0440\u0435\u043c\u044f \u0434\u043b\u044f \u0447\u0442\u0435\u043d\u0438\u044f\" \/>\n\t<meta name=\"twitter:data1\" content=\"3 \u043c\u0438\u043d\u0443\u0442\u044b\" \/>\n<script type=\"application\/ld+json\" class=\"yoast-schema-graph\">{\"@context\":\"https:\\\/\\\/schema.org\",\"@graph\":[{\"@type\":\"WebPage\",\"@id\":\"https:\\\/\\\/neweracoaching.nl\\\/zero-point-sessie\",\"url\":\"https:\\\/\\\/neweracoaching.nl\\\/zero-point-sessie\",\"name\":\"Zero Point sessie - New Era\",\"isPartOf\":{\"@id\":\"https:\\\/\\\/neweracoaching.nl\\\/#website\"},\"primaryImageOfPage\":{\"@id\":\"https:\\\/\\\/neweracoaching.nl\\\/zero-point-sessie#primaryimage\"},\"image\":{\"@id\":\"https:\\\/\\\/neweracoaching.nl\\\/zero-point-sessie#primaryimage\"},\"thumbnailUrl\":\"https:\\\/\\\/neweracoaching.nl\\\/wp-content\\\/uploads\\\/2025\\\/11\\\/IMG_20250712_183332_101-628x1024.jpg\",\"datePublished\":\"2024-04-08T02:30:40+00:00\",\"dateModified\":\"2026-03-03T09:44:42+00:00\",\"breadcrumb\":{\"@id\":\"https:\\\/\\\/neweracoaching.nl\\\/zero-point-sessie#breadcrumb\"},\"inLanguage\":\"ru-RU\",\"potentialAction\":[{\"@type\":\"ReadAction\",\"target\":[\"https:\\\/\\\/neweracoaching.nl\\\/zero-point-sessie\"]}]},{\"@type\":\"ImageObject\",\"inLanguage\":\"ru-RU\",\"@id\":\"https:\\\/\\\/neweracoaching.nl\\\/zero-point-sessie#primaryimage\",\"url\":\"https:\\\/\\\/neweracoaching.nl\\\/wp-content\\\/uploads\\\/2025\\\/11\\\/IMG_20250712_183332_101-628x1024.jpg\",\"contentUrl\":\"https:\\\/\\\/neweracoaching.nl\\\/wp-content\\\/uploads\\\/2025\\\/11\\\/IMG_20250712_183332_101-628x1024.jpg\"},{\"@type\":\"BreadcrumbList\",\"@id\":\"https:\\\/\\\/neweracoaching.nl\\\/zero-point-sessie#breadcrumb\",\"itemListElement\":[{\"@type\":\"ListItem\",\"position\":1,\"name\":\"Home\",\"item\":\"https:\\\/\\\/neweracoaching.nl\\\/\"},{\"@type\":\"ListItem\",\"position\":2,\"name\":\"Zero Point sessie\"}]},{\"@type\":\"WebSite\",\"@id\":\"https:\\\/\\\/neweracoaching.nl\\\/#website\",\"url\":\"https:\\\/\\\/neweracoaching.nl\\\/\",\"name\":\"New Era\",\"description\":\"\",\"potentialAction\":[{\"@type\":\"SearchAction\",\"target\":{\"@type\":\"EntryPoint\",\"urlTemplate\":\"https:\\\/\\\/neweracoaching.nl\\\/?s={search_term_string}\"},\"query-input\":{\"@type\":\"PropertyValueSpecification\",\"valueRequired\":true,\"valueName\":\"search_term_string\"}}],\"inLanguage\":\"ru-RU\"}]}<\/script>\n<!-- \/ Yoast SEO plugin. -->","yoast_head_json":{"title":"Zero Point sessie - New Era","robots":{"index":"index","follow":"follow","max-snippet":"max-snippet:-1","max-image-preview":"max-image-preview:large","max-video-preview":"max-video-preview:-1"},"canonical":"https:\/\/neweracoaching.nl\/ru\/zero-point-sessie\/","og_locale":"ru_RU","og_type":"article","og_title":"Zero Point sessie - New Era","og_description":"Gratis &#8220;Zero Point&#8221; sessie Hoe groot is jouw bereik werkelijk? \u00a0 \u00a0 Zero Point sessie is geen ori\u00ebntatiegesprek &#8211; het is een confrontatie met je innerlijke bereik. Niet met wat je denkt dat je bent, maar met de ruimte die je werkelijk gebruikt. \u00a0 \u00a0 Stel je een huis voor: niet het huis waarin je [&hellip;]","og_url":"https:\/\/neweracoaching.nl\/ru\/zero-point-sessie\/","og_site_name":"New Era","article_modified_time":"2026-03-03T09:44:42+00:00","og_image":[{"width":785,"height":1280,"url":"https:\/\/neweracoaching.nl\/wp-content\/uploads\/2025\/11\/IMG_20250712_183332_101.jpg","type":"image\/jpeg"}],"twitter_card":"summary_large_image","twitter_misc":{"\u041f\u0440\u0438\u043c\u0435\u0440\u043d\u043e\u0435 \u0432\u0440\u0435\u043c\u044f \u0434\u043b\u044f \u0447\u0442\u0435\u043d\u0438\u044f":"3 \u043c\u0438\u043d\u0443\u0442\u044b"},"schema":{"@context":"https:\/\/schema.org","@graph":[{"@type":"WebPage","@id":"https:\/\/neweracoaching.nl\/zero-point-sessie","url":"https:\/\/neweracoaching.nl\/zero-point-sessie","name":"Zero Point sessie - New Era","isPartOf":{"@id":"https:\/\/neweracoaching.nl\/#website"},"primaryImageOfPage":{"@id":"https:\/\/neweracoaching.nl\/zero-point-sessie#primaryimage"},"image":{"@id":"https:\/\/neweracoaching.nl\/zero-point-sessie#primaryimage"},"thumbnailUrl":"https:\/\/neweracoaching.nl\/wp-content\/uploads\/2025\/11\/IMG_20250712_183332_101-628x1024.jpg","datePublished":"2024-04-08T02:30:40+00:00","dateModified":"2026-03-03T09:44:42+00:00","breadcrumb":{"@id":"https:\/\/neweracoaching.nl\/zero-point-sessie#breadcrumb"},"inLanguage":"ru-RU","potentialAction":[{"@type":"ReadAction","target":["https:\/\/neweracoaching.nl\/zero-point-sessie"]}]},{"@type":"ImageObject","inLanguage":"ru-RU","@id":"https:\/\/neweracoaching.nl\/zero-point-sessie#primaryimage","url":"https:\/\/neweracoaching.nl\/wp-content\/uploads\/2025\/11\/IMG_20250712_183332_101-628x1024.jpg","contentUrl":"https:\/\/neweracoaching.nl\/wp-content\/uploads\/2025\/11\/IMG_20250712_183332_101-628x1024.jpg"},{"@type":"BreadcrumbList","@id":"https:\/\/neweracoaching.nl\/zero-point-sessie#breadcrumb","itemListElement":[{"@type":"ListItem","position":1,"name":"Home","item":"https:\/\/neweracoaching.nl\/"},{"@type":"ListItem","position":2,"name":"Zero Point sessie"}]},{"@type":"WebSite","@id":"https:\/\/neweracoaching.nl\/#website","url":"https:\/\/neweracoaching.nl\/","name":"New Era","description":"","potentialAction":[{"@type":"SearchAction","target":{"@type":"EntryPoint","urlTemplate":"https:\/\/neweracoaching.nl\/?s={search_term_string}"},"query-input":{"@type":"PropertyValueSpecification","valueRequired":true,"valueName":"search_term_string"}}],"inLanguage":"ru-RU"}]}},"_links":{"self":[{"href":"https:\/\/neweracoaching.nl\/ru\/wp-json\/wp\/v2\/pages\/404","targetHints":{"allow":["GET"]}}],"collection":[{"href":"https:\/\/neweracoaching.nl\/ru\/wp-json\/wp\/v2\/pages"}],"about":[{"href":"https:\/\/neweracoaching.nl\/ru\/wp-json\/wp\/v2\/types\/page"}],"author":[{"embeddable":true,"href":"https:\/\/neweracoaching.nl\/ru\/wp-json\/wp\/v2\/users\/1"}],"replies":[{"embeddable":true,"href":"https:\/\/neweracoaching.nl\/ru\/wp-json\/wp\/v2\/comments?post=404"}],"version-history":[{"count":100,"href":"https:\/\/neweracoaching.nl\/ru\/wp-json\/wp\/v2\/pages\/404\/revisions"}],"predecessor-version":[{"id":2890,"href":"https:\/\/neweracoaching.nl\/ru\/wp-json\/wp\/v2\/pages\/404\/revisions\/2890"}],"wp:attachment":[{"href":"https:\/\/neweracoaching.nl\/ru\/wp-json\/wp\/v2\/media?parent=404"}],"curies":[{"name":"wp","href":"https:\/\/api.w.org\/{rel}","templated":true}]}}